{"id":564,"date":"2026-03-06T13:16:14","date_gmt":"2026-03-06T12:16:14","guid":{"rendered":"https:\/\/laconfluente.fr\/?page_id=564"},"modified":"2026-03-06T13:18:30","modified_gmt":"2026-03-06T12:18:30","slug":"mentions-legales","status":"publish","type":"page","link":"https:\/\/laconfluente.fr\/index.php\/mentions-legales\/","title":{"rendered":"Mentions l\u00e9gales"},"content":{"rendered":"\n\n\t<section class=\"section\" id=\"section_1565306711\">\n\t\t<div class=\"section-bg fill\" >\n\t\t\t\t\t\t\t\t\t\n\t\t\t\n\n\t\t<\/div>\n\n\t\t\n\n\t\t<div class=\"section-content relative\">\n\t\t\t\n\n\t<div id=\"text-366998200\" class=\"text\">\n\t\t\n\n<h1>Mentions l\u00e9gales<\/h1>\n\t\t\n<style>\n#text-366998200 {\n  text-align: center;\n}\n<\/style>\n\t<\/div>\n\t\n<h2>Editeur :<\/h2>\n<p>Nom de la soci\u00e9t\u00e9 : Agence Fraischeur<\/p>\n<p>Adresse si\u00e8ge social : 25 rue Lenepveu, 49100, Angers<\/p>\n<p>Directeur de la publication : Simon Rouill\u00e9<\/p>\n<p>Le site est r\u00e9alis\u00e9 graphiquement par l\u2019Agence Fraischeur :<\/p>\n<p>www.fraischeur.com<\/p>\n<h2>H\u00e9bergement :<\/h2>\n<p>Hostinger &#8211; Vilnius, Lituanie.<\/p>\n<h2>Informations mises \u00e0 disposition :<\/h2>\n<p>Les informations figurant sur le pr\u00e9sent site ne sont formul\u00e9es qu\u2019\u00e0 titre indicatif, en l\u2019\u00e9tat de la r\u00e9glementation au 30\/06\/2005. L\u2019existence d\u2019un lien vers un autre site ne constitue pas une validation de ce site ou de son contenu.<br \/>La responsabilit\u00e9 de l\u2019\u00e9diteur ne saurait \u00eatre engag\u00e9e en ce qui concerne les produits, services, informations disponibles sur ou \u00e0 partir de ce site.<\/p>\n<h2>Conditions d\u2019acc\u00e8s et d\u2019utilisation :<\/h2>\n<p>Le pr\u00e9sent site est accessibles 24h\/24, 7 jours sur 7, sauf cas de force majeure, fait(s) de tiers et\/ou travaux de maintenance et interventions n\u00e9cessaires au bon fonctionnement du site.<\/p>\n<h2>Contenu :<\/h2>\n<p>L&rsquo;association La Confluente a ouvert ce site pour l\u2019information personnelle de ses utilisateurs.<br \/>Aucune exploitation commerciale par des tiers m\u00eame partielle des donn\u00e9es qui y sont pr\u00e9sent\u00e9es ne pourra \u00eatre effectu\u00e9e sans l\u2019accord pr\u00e9alable et \u00e9crit de l&rsquo;association La Confluente. Les dessins, photographies, images, textes, s\u00e9quences anim\u00e9es sonores ou non, et autres documentations repr\u00e9sent\u00e9es sur le pr\u00e9sent site Internet sont l\u2019objet de droits de propri\u00e9t\u00e9 industrielle et\/ou intellectuelle et sont selon les cas, propri\u00e9t\u00e9 de La Confluente ou de tiers ayant autoris\u00e9 limitativement \u00e0 les utiliser.<br \/>\u00c0 ce titre, toute reproduction, repr\u00e9sentation, adaptation, traduction et\/ou transformation, partielles ou int\u00e9grales, ou transfert sur un autre site sont interdits. Leur reproduction partielle ou int\u00e9grale, sans l\u2019accord pr\u00e9alable et \u00e9crit de La Confluente est strictement interdite.<\/p>\n<h2>Loi informatique :<\/h2>\n<p>Conform\u00e9ment \u00e0 l\u2019article 34 de la loi Informatique et Libert\u00e9s du 6 janvier 1978, vous disposez d\u2019un droit d\u2019acc\u00e8s, de rectification et d\u2019opposition aux informations et aux donn\u00e9es personnelles vous concernant et de d\u00e9sinscription que vous pouvez exercer en \u00e9crivant \u00e0 contact@fraischeur.com<\/p>\n<h2>Cr\u00e9dits :<\/h2>\n<p>Photos : Copyright La Confluente, tous droits r\u00e9serv\u00e9s<\/p>\n<h2>Responsabilit\u00e9s et droits d\u2019auteur :<\/h2>\n<p>L\u2019ensemble de ce site rel\u00e8ve des l\u00e9gislations fran\u00e7aise et internationale sur le droit d\u2019auteur et la propri\u00e9t\u00e9 intellectuelle. Tous les droits de reproduction sont r\u00e9serv\u00e9s.<\/p>\n<p>La reproduction de tout ou partie de ce site sur un support \u00e9lectronique quel qu\u2019il soit est formellement interdite sauf autorisation expresse. Les droits de reproduction sont r\u00e9serv\u00e9s et strictement limit\u00e9s.<\/p>\n<p>La Confluente ne prend aucun engagement concernant tout autre site auquel vous pourriez avoir acc\u00e8s via ce site web, \u00e9tant express\u00e9ment rappel\u00e9 qu\u2019un lien vers un site externe \u00e0 https:\/\/laconfluente.fr\/ ne signifie aucunement que La Confluente assume une quelconque responsabilit\u00e9 quant au contenu ou l\u2019usage qui peut \u00eatre fait de ces sites.<\/p>\n<p>Tout lien avec ce site web doit faire pr\u00e9alablement l\u2019objet d\u2019une demande d\u2019autorisation.<\/p>\n<p>Ce site web constitue une oeuvre prot\u00e9g\u00e9e en France par le Code de la Propri\u00e9t\u00e9 Intellectuelle, et \u00e0 l\u2019\u00e9tranger par les conventions internationales en vigueur sur le droit d\u2019auteur. La violation de l\u2019un des droits d\u2019auteur de l\u2019oeuvre est un d\u00e9lit de contrefa\u00e7on passible d\u2019emprisonnement et d\u2019une amende, aux termes de l\u2019article L.335-2 du Code de la Propri\u00e9t\u00e9 Intellectuelle.<\/p>\n\n\t\t<\/div>\n\n\t\t\n<style>\n#section_1565306711 {\n  padding-top: 30px;\n  padding-bottom: 30px;\n}\n<\/style>\n\t<\/section>\n\t\n\n","protected":false},"excerpt":{"rendered":"","protected":false},"author":5,"featured_media":0,"parent":0,"menu_order":0,"comment_status":"closed","ping_status":"closed","template":"","meta":{"footnotes":""},"class_list":["post-564","page","type-page","status-publish","hentry"],"yoast_head":"<!-- This site is optimized with the Yoast SEO plugin v27.1.1 - https:\/\/yoast.com\/product\/yoast-seo-wordpress\/ -->\n<title>Mentions l\u00e9gales - La confluente<\/title>\n<meta name=\"robots\" content=\"index, follow, max-snippet:-1, max-image-preview:large, max-video-preview:-1\" \/>\n<link rel=\"canonical\" href=\"https:\/\/laconfluente.fr\/index.php\/mentions-legales\/\" \/>\n<meta property=\"og:locale\" content=\"fr_FR\" \/>\n<meta property=\"og:type\" content=\"article\" \/>\n<meta property=\"og:title\" content=\"Mentions l\u00e9gales - La confluente\" \/>\n<meta property=\"og:url\" content=\"https:\/\/laconfluente.fr\/index.php\/mentions-legales\/\" \/>\n<meta property=\"og:site_name\" content=\"La confluente\" \/>\n<meta property=\"article:publisher\" content=\"https:\/\/linktr.ee\/laconfluente\" \/>\n<meta property=\"article:modified_time\" content=\"2026-03-06T12:18:30+00:00\" \/>\n<meta property=\"og:image\" content=\"https:\/\/laconfluente.fr\/wp-content\/uploads\/2025\/11\/Logo-confluente-2.png\" \/>\n\t<meta property=\"og:image:width\" content=\"500\" \/>\n\t<meta property=\"og:image:height\" content=\"500\" \/>\n\t<meta property=\"og:image:type\" content=\"image\/png\" \/>\n<meta name=\"twitter:card\" content=\"summary_large_image\" \/>\n<meta name=\"twitter:label1\" content=\"Dur\u00e9e de lecture estim\u00e9e\" \/>\n\t<meta name=\"twitter:data1\" content=\"3 minutes\" \/>\n<script type=\"application\/ld+json\" class=\"yoast-schema-graph\">{\"@context\":\"https:\/\/schema.org\",\"@graph\":[{\"@type\":\"WebPage\",\"@id\":\"https:\/\/laconfluente.fr\/index.php\/mentions-legales\/\",\"url\":\"https:\/\/laconfluente.fr\/index.php\/mentions-legales\/\",\"name\":\"Mentions l\u00e9gales - La confluente\",\"isPartOf\":{\"@id\":\"https:\/\/laconfluente.fr\/#website\"},\"datePublished\":\"2026-03-06T12:16:14+00:00\",\"dateModified\":\"2026-03-06T12:18:30+00:00\",\"breadcrumb\":{\"@id\":\"https:\/\/laconfluente.fr\/index.php\/mentions-legales\/#breadcrumb\"},\"inLanguage\":\"fr-FR\",\"potentialAction\":[{\"@type\":\"ReadAction\",\"target\":[\"https:\/\/laconfluente.fr\/index.php\/mentions-legales\/\"]}]},{\"@type\":\"BreadcrumbList\",\"@id\":\"https:\/\/laconfluente.fr\/index.php\/mentions-legales\/#breadcrumb\",\"itemListElement\":[{\"@type\":\"ListItem\",\"position\":1,\"name\":\"Accueil\",\"item\":\"https:\/\/laconfluente.fr\/\"},{\"@type\":\"ListItem\",\"position\":2,\"name\":\"Mentions l\u00e9gales\"}]},{\"@type\":\"WebSite\",\"@id\":\"https:\/\/laconfluente.fr\/#website\",\"url\":\"https:\/\/laconfluente.fr\/\",\"name\":\"La confluente\",\"description\":\"Course 100% F\u00e9minine - Esplanade de la mairie de Bouchemaine\",\"publisher\":{\"@id\":\"https:\/\/laconfluente.fr\/#organization\"},\"alternateName\":\"La confluente - COURSE 100% F\u00c9MININE - ESPLANADE DE LA MAIRIE DE BOUCHEMAINE\",\"potentialAction\":[{\"@type\":\"SearchAction\",\"target\":{\"@type\":\"EntryPoint\",\"urlTemplate\":\"https:\/\/laconfluente.fr\/?s={search_term_string}\"},\"query-input\":{\"@type\":\"PropertyValueSpecification\",\"valueRequired\":true,\"valueName\":\"search_term_string\"}}],\"inLanguage\":\"fr-FR\"},{\"@type\":\"Organization\",\"@id\":\"https:\/\/laconfluente.fr\/#organization\",\"name\":\"La confluente\",\"alternateName\":\"La confluente - COURSE 100% F\u00c9MININE - ESPLANADE DE LA MAIRIE DE BOUCHEMAINE\",\"url\":\"https:\/\/laconfluente.fr\/\",\"logo\":{\"@type\":\"ImageObject\",\"inLanguage\":\"fr-FR\",\"@id\":\"https:\/\/laconfluente.fr\/#\/schema\/logo\/image\/\",\"url\":\"https:\/\/laconfluente.fr\/wp-content\/uploads\/2025\/11\/cropped-Logo-confluente.png\",\"contentUrl\":\"https:\/\/laconfluente.fr\/wp-content\/uploads\/2025\/11\/cropped-Logo-confluente.png\",\"width\":512,\"height\":512,\"caption\":\"La confluente\"},\"image\":{\"@id\":\"https:\/\/laconfluente.fr\/#\/schema\/logo\/image\/\"},\"sameAs\":[\"https:\/\/linktr.ee\/laconfluente\",\"https:\/\/www.instagram.com\/laconfluente\/\"]}]}<\/script>\n<!-- \/ Yoast SEO plugin. -->","yoast_head_json":{"title":"Mentions l\u00e9gales - La confluente","robots":{"index":"index","follow":"follow","max-snippet":"max-snippet:-1","max-image-preview":"max-image-preview:large","max-video-preview":"max-video-preview:-1"},"canonical":"https:\/\/laconfluente.fr\/index.php\/mentions-legales\/","og_locale":"fr_FR","og_type":"article","og_title":"Mentions l\u00e9gales - La confluente","og_url":"https:\/\/laconfluente.fr\/index.php\/mentions-legales\/","og_site_name":"La confluente","article_publisher":"https:\/\/linktr.ee\/laconfluente","article_modified_time":"2026-03-06T12:18:30+00:00","og_image":[{"width":500,"height":500,"url":"https:\/\/laconfluente.fr\/wp-content\/uploads\/2025\/11\/Logo-confluente-2.png","type":"image\/png"}],"twitter_card":"summary_large_image","twitter_misc":{"Dur\u00e9e de lecture estim\u00e9e":"3 minutes"},"schema":{"@context":"https:\/\/schema.org","@graph":[{"@type":"WebPage","@id":"https:\/\/laconfluente.fr\/index.php\/mentions-legales\/","url":"https:\/\/laconfluente.fr\/index.php\/mentions-legales\/","name":"Mentions l\u00e9gales - La confluente","isPartOf":{"@id":"https:\/\/laconfluente.fr\/#website"},"datePublished":"2026-03-06T12:16:14+00:00","dateModified":"2026-03-06T12:18:30+00:00","breadcrumb":{"@id":"https:\/\/laconfluente.fr\/index.php\/mentions-legales\/#breadcrumb"},"inLanguage":"fr-FR","potentialAction":[{"@type":"ReadAction","target":["https:\/\/laconfluente.fr\/index.php\/mentions-legales\/"]}]},{"@type":"BreadcrumbList","@id":"https:\/\/laconfluente.fr\/index.php\/mentions-legales\/#breadcrumb","itemListElement":[{"@type":"ListItem","position":1,"name":"Accueil","item":"https:\/\/laconfluente.fr\/"},{"@type":"ListItem","position":2,"name":"Mentions l\u00e9gales"}]},{"@type":"WebSite","@id":"https:\/\/laconfluente.fr\/#website","url":"https:\/\/laconfluente.fr\/","name":"La confluente","description":"Course 100% F\u00e9minine - Esplanade de la mairie de Bouchemaine","publisher":{"@id":"https:\/\/laconfluente.fr\/#organization"},"alternateName":"La confluente - COURSE 100% F\u00c9MININE - ESPLANADE DE LA MAIRIE DE BOUCHEMAINE","potentialAction":[{"@type":"SearchAction","target":{"@type":"EntryPoint","urlTemplate":"https:\/\/laconfluente.fr\/?s={search_term_string}"},"query-input":{"@type":"PropertyValueSpecification","valueRequired":true,"valueName":"search_term_string"}}],"inLanguage":"fr-FR"},{"@type":"Organization","@id":"https:\/\/laconfluente.fr\/#organization","name":"La confluente","alternateName":"La confluente - COURSE 100% F\u00c9MININE - ESPLANADE DE LA MAIRIE DE BOUCHEMAINE","url":"https:\/\/laconfluente.fr\/","logo":{"@type":"ImageObject","inLanguage":"fr-FR","@id":"https:\/\/laconfluente.fr\/#\/schema\/logo\/image\/","url":"https:\/\/laconfluente.fr\/wp-content\/uploads\/2025\/11\/cropped-Logo-confluente.png","contentUrl":"https:\/\/laconfluente.fr\/wp-content\/uploads\/2025\/11\/cropped-Logo-confluente.png","width":512,"height":512,"caption":"La confluente"},"image":{"@id":"https:\/\/laconfluente.fr\/#\/schema\/logo\/image\/"},"sameAs":["https:\/\/linktr.ee\/laconfluente","https:\/\/www.instagram.com\/laconfluente\/"]}]}},"_links":{"self":[{"href":"https:\/\/laconfluente.fr\/index.php\/wp-json\/wp\/v2\/pages\/564","targetHints":{"allow":["GET"]}}],"collection":[{"href":"https:\/\/laconfluente.fr\/index.php\/wp-json\/wp\/v2\/pages"}],"about":[{"href":"https:\/\/laconfluente.fr\/index.php\/wp-json\/wp\/v2\/types\/page"}],"author":[{"embeddable":true,"href":"https:\/\/laconfluente.fr\/index.php\/wp-json\/wp\/v2\/users\/5"}],"replies":[{"embeddable":true,"href":"https:\/\/laconfluente.fr\/index.php\/wp-json\/wp\/v2\/comments?post=564"}],"version-history":[{"count":3,"href":"https:\/\/laconfluente.fr\/index.php\/wp-json\/wp\/v2\/pages\/564\/revisions"}],"predecessor-version":[{"id":567,"href":"https:\/\/laconfluente.fr\/index.php\/wp-json\/wp\/v2\/pages\/564\/revisions\/567"}],"wp:attachment":[{"href":"https:\/\/laconfluente.fr\/index.php\/wp-json\/wp\/v2\/media?parent=564"}],"curies":[{"name":"wp","href":"https:\/\/api.w.org\/{rel}","templated":true}]}}