{"id":279,"date":"2025-11-24T16:49:10","date_gmt":"2025-11-24T15:49:10","guid":{"rendered":"https:\/\/laconfluente.fr\/?page_id=279"},"modified":"2026-03-05T12:33:44","modified_gmt":"2026-03-05T11:33:44","slug":"les-resultats","status":"publish","type":"page","link":"https:\/\/laconfluente.fr\/index.php\/les-resultats\/","title":{"rendered":"Les r\u00e9sultats"},"content":{"rendered":"\n\n\t<section class=\"section dark has-parallax\" id=\"section_2123005661\">\n\t\t<div class=\"section-bg fill\" data-parallax-container=\".section\" data-parallax-background data-parallax=\"-6\">\n\t\t\t<img decoding=\"async\" width=\"2560\" height=\"1440\" data-src=\"https:\/\/laconfluente.fr\/wp-content\/uploads\/2026\/02\/DSC08213-scaled.png\" class=\"bg attachment-original size-original lazyload\" alt=\"\" src=\"data:image\/gif;base64,R0lGODlhAQABAAAAACH5BAEKAAEALAAAAAABAAEAAAICTAEAOw==\" style=\"--smush-placeholder-width: 2560px; --smush-placeholder-aspect-ratio: 2560\/1440;\" \/>\t\t\t\t\t\t<div class=\"section-bg-overlay absolute fill\"><\/div>\n\t\t\t\n\n\t\t<\/div>\n\n\t\t\n\n\t\t<div class=\"section-content relative\">\n\t\t\t\n\n<div class=\"row\"  id=\"row-1741614438\">\n\n\n\t<div id=\"col-1325322803\" class=\"col small-12 large-12\"  data-animate=\"bounceIn\">\n\t\t\t\t<div class=\"col-inner text-center text-shadow-5\"  data-parallax-fade=\"true\" data-parallax=\"2\">\n\t\t\t\n\t\t\t\n\n\t<div id=\"text-2669523730\" class=\"text\">\n\t\t\n\n<h1 style=\"font-size: 200%;\">Les r\u00e9sultats<\/h1>\n\t\t\n<style>\n#text-2669523730 {\n  font-size: 1.65rem;\n  color: rgb(255,255,255);\n}\n#text-2669523730 > * {\n  color: rgb(255,255,255);\n}\n<\/style>\n\t<\/div>\n\t\n\n\t\t<\/div>\n\t\t\t\t\n<style>\n#col-1325322803 > .col-inner {\n  padding: 20px 0px 0px 0px;\n}\n<\/style>\n\t<\/div>\n\n\t\n\n<\/div>\n\n\t\t<\/div>\n\n\t\t\n<style>\n#section_2123005661 {\n  padding-top: 30px;\n  padding-bottom: 30px;\n  min-height: 550px;\n  background-color: rgb(40, 40, 40);\n}\n#section_2123005661 .section-bg-overlay {\n  background-color: rgba(0, 0, 0, 0.099);\n}\n#section_2123005661 .section-bg img {\n  object-position: 60% 0%;\n}\n<\/style>\n\t<\/section>\n\t\n\n\t<section class=\"section\" id=\"section_722579542\">\n\t\t<div class=\"section-bg fill\" >\n\t\t\t\t\t\t\t\t\t\n\t\t\t\n\n\t\t<\/div>\n\n\t\t\n\n\t\t<div class=\"section-content relative\">\n\t\t\t\n\n<div class=\"row\"  id=\"row-1088705668\">\n\n\n\t<div id=\"col-1276145443\" class=\"col small-12 large-12\"  >\n\t\t\t\t<div class=\"col-inner\"  >\n\t\t\t\n\t\t\t\n\n<p data-start=\"150\" data-end=\"425\">Revivez l&rsquo;\u00e9dition 2025 de La Confluente \u00e0 travers les <span style=\"color: #ff7a97;\"><strong data-start=\"212\" data-end=\"253\">r\u00e9sultats officiels des 5 km et 10 km<\/strong><\/span>.<br data-start=\"254\" data-end=\"257\" \/>Que vous soyez venue pour performer, partager un moment sportif entre amies ou relever un d\u00e9fi personnel, nous vous f\u00e9licitons chaleureusement pour votre participation.<\/p>\n<p data-start=\"427\" data-end=\"634\">D\u00e9couvrez ci-dessous les classements complets, les temps individuels et les performances de toutes les coureuses.<br data-start=\"540\" data-end=\"543\" \/>Bravo \u00e0 chacune d\u2019entre vous pour votre engagement, votre \u00e9nergie et votre esprit sportif !<\/p>\n\t<div id=\"text-1855914584\" class=\"text\">\n\t\t\n\n<h2>Les r\u00e9sultats du 5km<\/h2>\n\t\t\n<style>\n#text-1855914584 {\n  font-size: 1.45rem;\n  color: #ff7a97;\n}\n#text-1855914584 > * {\n  color: #ff7a97;\n}\n<\/style>\n\t<\/div>\n\t\n\n\n<div class=\"_df_book df-lite\" id=\"df_315\"  _slug=\"5km\" data-title=\"5km\" wpoptions=\"true\" thumbtype=\"\" ><\/div><script class=\"df-shortcode-script\" nowprocket type=\"application\/javascript\">window.option_df_315 = {\"outline\":[],\"autoEnableOutline\":\"false\",\"autoEnableThumbnail\":\"false\",\"overwritePDFOutline\":\"false\",\"direction\":\"1\",\"pageSize\":\"0\",\"source\":\"https:\\\/\\\/laconfluente.fr\\\/wp-content\\\/uploads\\\/2025\\\/11\\\/5km.pdf\",\"wpOptions\":\"true\"}; if(window.DFLIP && window.DFLIP.parseBooks){window.DFLIP.parseBooks();}<\/script>\n\n\n\t\t<\/div>\n\t\t\t\t\t<\/div>\n\n\t\n\n<\/div>\n\n\t\t<\/div>\n\n\t\t\n<style>\n#section_722579542 {\n  padding-top: 60px;\n  padding-bottom: 60px;\n}\n<\/style>\n\t<\/section>\n\t\n\n\t<section class=\"section\" id=\"section_127065002\">\n\t\t<div class=\"section-bg fill\" >\n\t\t\t\t\t\t\t\t\t\n\t\t\t\n\n\t\t<\/div>\n\n\t\t\n\n\t\t<div class=\"section-content relative\">\n\t\t\t\n\n<div class=\"row\"  id=\"row-2095063625\">\n\n\n\t<div id=\"col-2060393196\" class=\"col small-12 large-12\"  >\n\t\t\t\t<div class=\"col-inner\"  >\n\t\t\t\n\t\t\t\n\n\t<div id=\"text-1651114772\" class=\"text\">\n\t\t\n\n<h2>Les r\u00e9sultats du 10km<\/h2>\n\t\t\n<style>\n#text-1651114772 {\n  font-size: 1.45rem;\n  color: #ff7a97;\n}\n#text-1651114772 > * {\n  color: #ff7a97;\n}\n<\/style>\n\t<\/div>\n\t\n\n\n<div class=\"_df_book df-lite\" id=\"df_313\"  _slug=\"10km\" data-title=\"10km\" wpoptions=\"true\" thumbtype=\"\" ><\/div><script class=\"df-shortcode-script\" nowprocket type=\"application\/javascript\">window.option_df_313 = {\"outline\":[],\"autoEnableOutline\":\"false\",\"autoEnableThumbnail\":\"false\",\"overwritePDFOutline\":\"false\",\"direction\":\"1\",\"pageSize\":\"0\",\"source\":\"https:\\\/\\\/laconfluente.fr\\\/wp-content\\\/uploads\\\/2025\\\/11\\\/10km.pdf\",\"wpOptions\":\"true\"}; if(window.DFLIP && window.DFLIP.parseBooks){window.DFLIP.parseBooks();}<\/script>\n\n\n\t\t<\/div>\n\t\t\t\t\t<\/div>\n\n\t\n\n<\/div>\n\n\t\t<\/div>\n\n\t\t\n<style>\n#section_127065002 {\n  padding-top: 65px;\n  padding-bottom: 65px;\n  background-color: #234784;\n}\n<\/style>\n\t<\/section>\n\t\n\n\t<section class=\"section\" id=\"section_312376465\">\n\t\t<div class=\"section-bg fill\" >\n\t\t\t\t\t\t\t\t\t\n\t\t\t\n\n\t\t<\/div>\n\n\t\t\n\n\t\t<div class=\"section-content relative\">\n\t\t\t\n\n<div class=\"row\"  id=\"row-916118655\">\n\n\n\t<div id=\"col-1595926816\" class=\"col small-12 large-12\"  >\n\t\t\t\t<div class=\"col-inner\"  >\n\t\t\t\n\t\t\t\n\n<p data-start=\"150\" data-end=\"425\">Retrouvez \u00e9galement les r\u00e9sultats de l&rsquo;\u00e9dition 2024 de La Confluente \u00e0 travers les <span style=\"color: #ff7a97;\"><strong data-start=\"212\" data-end=\"253\">r\u00e9sultats officiels des 5 km et 10 km<\/strong><\/span>.<\/p>\n\t<div id=\"text-3253933504\" class=\"text\">\n\t\t\n\n<h2>Les r\u00e9sultats de l&rsquo;\u00e9dition 2024<\/h2>\n\t\t\n<style>\n#text-3253933504 {\n  font-size: 1.45rem;\n  color: #ff7a97;\n}\n#text-3253933504 > * {\n  color: #ff7a97;\n}\n<\/style>\n\t<\/div>\n\t\n\n\n<div class=\"_df_book df-lite\" id=\"df_476\"  _slug=\"resultats-2024\" data-title=\"resultats-2024\" wpoptions=\"true\" thumbtype=\"\" ><\/div><script class=\"df-shortcode-script\" nowprocket type=\"application\/javascript\">window.option_df_476 = {\"outline\":[],\"autoEnableOutline\":\"false\",\"autoEnableThumbnail\":\"false\",\"overwritePDFOutline\":\"false\",\"direction\":\"1\",\"pageSize\":\"0\",\"source\":\"https:\\\/\\\/laconfluente.fr\\\/wp-content\\\/uploads\\\/2026\\\/03\\\/Resultats-2024.pdf\",\"wpOptions\":\"true\"}; if(window.DFLIP && window.DFLIP.parseBooks){window.DFLIP.parseBooks();}<\/script>\n\n\n\t\t<\/div>\n\t\t\t\t\t<\/div>\n\n\t\n\n<\/div>\n\n\t\t<\/div>\n\n\t\t\n<style>\n#section_312376465 {\n  padding-top: 60px;\n  padding-bottom: 60px;\n}\n<\/style>\n\t<\/section>\n\t\n\n\t<section class=\"section\" id=\"section_465191477\">\n\t\t<div class=\"section-bg fill\" >\n\t\t\t<img decoding=\"async\" width=\"1337\" height=\"240\" data-src=\"https:\/\/laconfluente.fr\/wp-content\/uploads\/2025\/11\/header_logo-2.jpg\" class=\"bg attachment-original size-original lazyload\" alt=\"\" src=\"data:image\/gif;base64,R0lGODlhAQABAAAAACH5BAEKAAEALAAAAAABAAEAAAICTAEAOw==\" style=\"--smush-placeholder-width: 1337px; --smush-placeholder-aspect-ratio: 1337\/240;\" \/>\t\t\t\t\t\t\n\t\t\t\n\n\t\t<\/div>\n\n\t\t\n\n\t\t<div class=\"section-content relative\">\n\t\t\t\n\n<div class=\"row\"  id=\"row-1810874136\">\n\n\n\t<div id=\"col-2087791650\" class=\"col small-12 large-12\"  >\n\t\t\t\t<div class=\"col-inner\"  >\n\t\t\t\n\t\t\t\n\n\n\t\t<\/div>\n\t\t\t\t\t<\/div>\n\n\t\n\n<\/div>\n\n\t\t<\/div>\n\n\t\t\n<style>\n#section_465191477 {\n  padding-top: 60px;\n  padding-bottom: 60px;\n  min-height: 350px;\n}\n<\/style>\n\t<\/section>\n\t\n\n","protected":false},"excerpt":{"rendered":"","protected":false},"author":6,"featured_media":0,"parent":0,"menu_order":0,"comment_status":"closed","ping_status":"closed","template":"page-blank.php","meta":{"footnotes":""},"class_list":["post-279","page","type-page","status-publish","hentry"],"yoast_head":"<!-- This site is optimized with the Yoast SEO plugin v27.1.1 - https:\/\/yoast.com\/product\/yoast-seo-wordpress\/ -->\n<title>Les r\u00e9sultats - La confluente<\/title>\n<meta name=\"robots\" content=\"index, follow, max-snippet:-1, max-image-preview:large, max-video-preview:-1\" \/>\n<link rel=\"canonical\" href=\"https:\/\/laconfluente.fr\/index.php\/les-resultats\/\" \/>\n<meta property=\"og:locale\" content=\"fr_FR\" \/>\n<meta property=\"og:type\" content=\"article\" \/>\n<meta property=\"og:title\" content=\"Les r\u00e9sultats - La confluente\" \/>\n<meta property=\"og:url\" content=\"https:\/\/laconfluente.fr\/index.php\/les-resultats\/\" \/>\n<meta property=\"og:site_name\" content=\"La confluente\" \/>\n<meta property=\"article:publisher\" content=\"https:\/\/linktr.ee\/laconfluente\" \/>\n<meta property=\"article:modified_time\" content=\"2026-03-05T11:33:44+00:00\" \/>\n<meta property=\"og:image\" content=\"https:\/\/laconfluente.fr\/wp-content\/uploads\/2025\/11\/Logo-confluente-2.png\" \/>\n\t<meta property=\"og:image:width\" content=\"500\" \/>\n\t<meta property=\"og:image:height\" content=\"500\" \/>\n\t<meta property=\"og:image:type\" content=\"image\/png\" \/>\n<meta name=\"twitter:card\" content=\"summary_large_image\" \/>\n<script type=\"application\/ld+json\" class=\"yoast-schema-graph\">{\"@context\":\"https:\/\/schema.org\",\"@graph\":[{\"@type\":\"WebPage\",\"@id\":\"https:\/\/laconfluente.fr\/index.php\/les-resultats\/\",\"url\":\"https:\/\/laconfluente.fr\/index.php\/les-resultats\/\",\"name\":\"Les r\u00e9sultats - La confluente\",\"isPartOf\":{\"@id\":\"https:\/\/laconfluente.fr\/#website\"},\"datePublished\":\"2025-11-24T15:49:10+00:00\",\"dateModified\":\"2026-03-05T11:33:44+00:00\",\"breadcrumb\":{\"@id\":\"https:\/\/laconfluente.fr\/index.php\/les-resultats\/#breadcrumb\"},\"inLanguage\":\"fr-FR\",\"potentialAction\":[{\"@type\":\"ReadAction\",\"target\":[\"https:\/\/laconfluente.fr\/index.php\/les-resultats\/\"]}]},{\"@type\":\"BreadcrumbList\",\"@id\":\"https:\/\/laconfluente.fr\/index.php\/les-resultats\/#breadcrumb\",\"itemListElement\":[{\"@type\":\"ListItem\",\"position\":1,\"name\":\"Accueil\",\"item\":\"https:\/\/laconfluente.fr\/\"},{\"@type\":\"ListItem\",\"position\":2,\"name\":\"Les r\u00e9sultats\"}]},{\"@type\":\"WebSite\",\"@id\":\"https:\/\/laconfluente.fr\/#website\",\"url\":\"https:\/\/laconfluente.fr\/\",\"name\":\"La confluente\",\"description\":\"Course 100% F\u00e9minine - Esplanade de la mairie de Bouchemaine\",\"publisher\":{\"@id\":\"https:\/\/laconfluente.fr\/#organization\"},\"alternateName\":\"La confluente - COURSE 100% F\u00c9MININE - ESPLANADE DE LA MAIRIE DE BOUCHEMAINE\",\"potentialAction\":[{\"@type\":\"SearchAction\",\"target\":{\"@type\":\"EntryPoint\",\"urlTemplate\":\"https:\/\/laconfluente.fr\/?s={search_term_string}\"},\"query-input\":{\"@type\":\"PropertyValueSpecification\",\"valueRequired\":true,\"valueName\":\"search_term_string\"}}],\"inLanguage\":\"fr-FR\"},{\"@type\":\"Organization\",\"@id\":\"https:\/\/laconfluente.fr\/#organization\",\"name\":\"La confluente\",\"alternateName\":\"La confluente - COURSE 100% F\u00c9MININE - ESPLANADE DE LA MAIRIE DE BOUCHEMAINE\",\"url\":\"https:\/\/laconfluente.fr\/\",\"logo\":{\"@type\":\"ImageObject\",\"inLanguage\":\"fr-FR\",\"@id\":\"https:\/\/laconfluente.fr\/#\/schema\/logo\/image\/\",\"url\":\"https:\/\/laconfluente.fr\/wp-content\/uploads\/2025\/11\/cropped-Logo-confluente.png\",\"contentUrl\":\"https:\/\/laconfluente.fr\/wp-content\/uploads\/2025\/11\/cropped-Logo-confluente.png\",\"width\":512,\"height\":512,\"caption\":\"La confluente\"},\"image\":{\"@id\":\"https:\/\/laconfluente.fr\/#\/schema\/logo\/image\/\"},\"sameAs\":[\"https:\/\/linktr.ee\/laconfluente\",\"https:\/\/www.instagram.com\/laconfluente\/\"]}]}<\/script>\n<!-- \/ Yoast SEO plugin. -->","yoast_head_json":{"title":"Les r\u00e9sultats - La confluente","robots":{"index":"index","follow":"follow","max-snippet":"max-snippet:-1","max-image-preview":"max-image-preview:large","max-video-preview":"max-video-preview:-1"},"canonical":"https:\/\/laconfluente.fr\/index.php\/les-resultats\/","og_locale":"fr_FR","og_type":"article","og_title":"Les r\u00e9sultats - La confluente","og_url":"https:\/\/laconfluente.fr\/index.php\/les-resultats\/","og_site_name":"La confluente","article_publisher":"https:\/\/linktr.ee\/laconfluente","article_modified_time":"2026-03-05T11:33:44+00:00","og_image":[{"width":500,"height":500,"url":"https:\/\/laconfluente.fr\/wp-content\/uploads\/2025\/11\/Logo-confluente-2.png","type":"image\/png"}],"twitter_card":"summary_large_image","schema":{"@context":"https:\/\/schema.org","@graph":[{"@type":"WebPage","@id":"https:\/\/laconfluente.fr\/index.php\/les-resultats\/","url":"https:\/\/laconfluente.fr\/index.php\/les-resultats\/","name":"Les r\u00e9sultats - La confluente","isPartOf":{"@id":"https:\/\/laconfluente.fr\/#website"},"datePublished":"2025-11-24T15:49:10+00:00","dateModified":"2026-03-05T11:33:44+00:00","breadcrumb":{"@id":"https:\/\/laconfluente.fr\/index.php\/les-resultats\/#breadcrumb"},"inLanguage":"fr-FR","potentialAction":[{"@type":"ReadAction","target":["https:\/\/laconfluente.fr\/index.php\/les-resultats\/"]}]},{"@type":"BreadcrumbList","@id":"https:\/\/laconfluente.fr\/index.php\/les-resultats\/#breadcrumb","itemListElement":[{"@type":"ListItem","position":1,"name":"Accueil","item":"https:\/\/laconfluente.fr\/"},{"@type":"ListItem","position":2,"name":"Les r\u00e9sultats"}]},{"@type":"WebSite","@id":"https:\/\/laconfluente.fr\/#website","url":"https:\/\/laconfluente.fr\/","name":"La confluente","description":"Course 100% F\u00e9minine - Esplanade de la mairie de Bouchemaine","publisher":{"@id":"https:\/\/laconfluente.fr\/#organization"},"alternateName":"La confluente - COURSE 100% F\u00c9MININE - ESPLANADE DE LA MAIRIE DE BOUCHEMAINE","potentialAction":[{"@type":"SearchAction","target":{"@type":"EntryPoint","urlTemplate":"https:\/\/laconfluente.fr\/?s={search_term_string}"},"query-input":{"@type":"PropertyValueSpecification","valueRequired":true,"valueName":"search_term_string"}}],"inLanguage":"fr-FR"},{"@type":"Organization","@id":"https:\/\/laconfluente.fr\/#organization","name":"La confluente","alternateName":"La confluente - COURSE 100% F\u00c9MININE - ESPLANADE DE LA MAIRIE DE BOUCHEMAINE","url":"https:\/\/laconfluente.fr\/","logo":{"@type":"ImageObject","inLanguage":"fr-FR","@id":"https:\/\/laconfluente.fr\/#\/schema\/logo\/image\/","url":"https:\/\/laconfluente.fr\/wp-content\/uploads\/2025\/11\/cropped-Logo-confluente.png","contentUrl":"https:\/\/laconfluente.fr\/wp-content\/uploads\/2025\/11\/cropped-Logo-confluente.png","width":512,"height":512,"caption":"La confluente"},"image":{"@id":"https:\/\/laconfluente.fr\/#\/schema\/logo\/image\/"},"sameAs":["https:\/\/linktr.ee\/laconfluente","https:\/\/www.instagram.com\/laconfluente\/"]}]}},"_links":{"self":[{"href":"https:\/\/laconfluente.fr\/index.php\/wp-json\/wp\/v2\/pages\/279","targetHints":{"allow":["GET"]}}],"collection":[{"href":"https:\/\/laconfluente.fr\/index.php\/wp-json\/wp\/v2\/pages"}],"about":[{"href":"https:\/\/laconfluente.fr\/index.php\/wp-json\/wp\/v2\/types\/page"}],"author":[{"embeddable":true,"href":"https:\/\/laconfluente.fr\/index.php\/wp-json\/wp\/v2\/users\/6"}],"replies":[{"embeddable":true,"href":"https:\/\/laconfluente.fr\/index.php\/wp-json\/wp\/v2\/comments?post=279"}],"version-history":[{"count":6,"href":"https:\/\/laconfluente.fr\/index.php\/wp-json\/wp\/v2\/pages\/279\/revisions"}],"predecessor-version":[{"id":547,"href":"https:\/\/laconfluente.fr\/index.php\/wp-json\/wp\/v2\/pages\/279\/revisions\/547"}],"wp:attachment":[{"href":"https:\/\/laconfluente.fr\/index.php\/wp-json\/wp\/v2\/media?parent=279"}],"curies":[{"name":"wp","href":"https:\/\/api.w.org\/{rel}","templated":true}]}}