{"id":163,"date":"2025-11-24T15:39:15","date_gmt":"2025-11-24T14:39:15","guid":{"rendered":"https:\/\/laconfluente.fr\/?page_id=163"},"modified":"2026-03-05T03:29:01","modified_gmt":"2026-03-05T02:29:01","slug":"contact","status":"publish","type":"page","link":"https:\/\/laconfluente.fr\/index.php\/contact\/","title":{"rendered":"Contact"},"content":{"rendered":"\n\n\t<section class=\"section dark has-parallax\" id=\"section_1258686227\">\n\t\t<div class=\"section-bg fill\" data-parallax-container=\".section\" data-parallax-background data-parallax=\"-6\">\n\t\t\t<img decoding=\"async\" width=\"2560\" height=\"1440\" data-src=\"https:\/\/laconfluente.fr\/wp-content\/uploads\/2026\/02\/DSC08095-scaled.png\" class=\"bg attachment-original size-original lazyload\" alt=\"\" src=\"data:image\/gif;base64,R0lGODlhAQABAAAAACH5BAEKAAEALAAAAAABAAEAAAICTAEAOw==\" style=\"--smush-placeholder-width: 2560px; --smush-placeholder-aspect-ratio: 2560\/1440;\" \/>\t\t\t\t\t\t<div class=\"section-bg-overlay absolute fill\"><\/div>\n\t\t\t\n\n\t\t<\/div>\n\n\t\t\n\n\t\t<div class=\"section-content relative\">\n\t\t\t\n\n<div class=\"row\"  id=\"row-293931595\">\n\n\n\t<div id=\"col-633830040\" class=\"col small-12 large-12\"  data-animate=\"bounceIn\">\n\t\t\t\t<div class=\"col-inner text-center text-shadow-5\"  data-parallax-fade=\"true\" data-parallax=\"2\">\n\t\t\t\n\t\t\t\n\n\t<div id=\"text-1136930169\" class=\"text\">\n\t\t\n\n<h1 style=\"font-size: 200%;\"><strong>Contact<\/strong><\/h1>\n\t\t\n<style>\n#text-1136930169 {\n  font-size: 1.65rem;\n  color: rgb(255,255,255);\n}\n#text-1136930169 > * {\n  color: rgb(255,255,255);\n}\n<\/style>\n\t<\/div>\n\t\n\n\t\t<\/div>\n\t\t\t\t\n<style>\n#col-633830040 > .col-inner {\n  padding: 20px 0px 0px 0px;\n}\n<\/style>\n\t<\/div>\n\n\t\n\n<\/div>\n\n\t\t<\/div>\n\n\t\t\n<style>\n#section_1258686227 {\n  padding-top: 30px;\n  padding-bottom: 30px;\n  min-height: 550px;\n  background-color: rgb(40, 40, 40);\n}\n#section_1258686227 .section-bg-overlay {\n  background-color: rgba(0, 0, 0, 0.099);\n}\n#section_1258686227 .section-bg img {\n  object-position: 44% 0%;\n}\n<\/style>\n\t<\/section>\n\t\n\n\t<section class=\"section\" id=\"section_999325832\">\n\t\t<div class=\"section-bg fill\" >\n\t\t\t\t\t\t\t\t\t\n\t\t\t\n\n\t\t<\/div>\n\n\t\t\n\n\t\t<div class=\"section-content relative\">\n\t\t\t\n\n<div class=\"row\"  id=\"row-1527311973\">\n\n\n\t<div id=\"col-1212834011\" class=\"col small-12 large-12\"  >\n\t\t\t\t<div class=\"col-inner\"  >\n\t\t\t\n\t\t\t\n\n<div class=\"row align-equal\"  id=\"row-904445800\">\n\n\n\t<div id=\"col-2042240022\" class=\"col medium-6 small-12 large-6\"  data-animate=\"bounceInRight\">\n\t\t\t\t<div class=\"col-inner text-center\"  >\n\t\t\t\n\t\t\t\n\n\n\t\t<div class=\"icon-box featured-box icon-box-center text-center\"  >\n\t\t\t\t<div class=\"icon-box-text last-reset\">\n\t\t\t\t\t\t\t\t\t\n\n\t<div class=\"img has-hover x md-x lg-x y md-y lg-y\" id=\"image_267542241\">\n\t\t\t\t\t\t<div data-animate=\"bounceInUp\">\t\t<div class=\"img-inner dark\" >\n\t\t\t<img decoding=\"async\" width=\"512\" height=\"512\" data-src=\"https:\/\/laconfluente.fr\/wp-content\/uploads\/2025\/11\/Contact-email-La-confluente-Bouchemaine.png\" class=\"attachment-original size-original lazyload\" alt=\"\" data-srcset=\"https:\/\/laconfluente.fr\/wp-content\/uploads\/2025\/11\/Contact-email-La-confluente-Bouchemaine.png 512w, https:\/\/laconfluente.fr\/wp-content\/uploads\/2025\/11\/Contact-email-La-confluente-Bouchemaine-300x300.png 300w, https:\/\/laconfluente.fr\/wp-content\/uploads\/2025\/11\/Contact-email-La-confluente-Bouchemaine-150x150.png 150w, https:\/\/laconfluente.fr\/wp-content\/uploads\/2025\/11\/Contact-email-La-confluente-Bouchemaine-510x510.png 510w, https:\/\/laconfluente.fr\/wp-content\/uploads\/2025\/11\/Contact-email-La-confluente-Bouchemaine-100x100.png 100w\" data-sizes=\"(max-width: 512px) 100vw, 512px\" src=\"data:image\/gif;base64,R0lGODlhAQABAAAAACH5BAEKAAEALAAAAAABAAEAAAICTAEAOw==\" style=\"--smush-placeholder-width: 512px; --smush-placeholder-aspect-ratio: 512\/512;\" \/>\t\t\t\t\t\t\n\t\t\t\t\t<\/div>\n\t\t<\/div>\t\t\t\t\t\t\n<style>\n#image_267542241 {\n  width: 22%;\n}\n<\/style>\n\t<\/div>\n\t\n\n<h2>La confluente<\/h2>\n<p>Course 100% f\u00e9minine<br \/>Esplanade de la mairie<br \/>49080 Bouchemaine<\/p>\n\t<div id=\"gap-1697001044\" class=\"gap-element clearfix\" style=\"display:block; height:auto;\">\n\t\t\n<style>\n#gap-1697001044 {\n  padding-top: 20px;\n}\n<\/style>\n\t<\/div>\n\t\n\n<a data-animate=\"bounceInLeft\" href=\"mailto:christine.moreau@ville-bouchemaine.fr\" class=\"button primary box-shadow-1 box-shadow-3-hover lowercase\"  style=\"border-radius:9px;\">\n\t\t<span>Contactez-nous par email<\/span>\n\t<\/a>\n\n\n\n\t\t<\/div>\n\t<\/div>\n\t\n\t\n\n\t\t<\/div>\n\t\t\t\t\n<style>\n#col-2042240022 > .col-inner {\n  border-radius: 8px;\n}\n<\/style>\n\t<\/div>\n\n\t\n\n\t<div id=\"col-522840874\" class=\"col medium-6 small-12 large-6\"  data-animate=\"bounceInLeft\">\n\t\t\t\t<div class=\"col-inner text-center\"  >\n\t\t\t\n\t\t\t\n\n\n\t\t<div class=\"icon-box featured-box icon-box-center text-center\"  >\n\t\t\t\t<div class=\"icon-box-text last-reset\">\n\t\t\t\t\t\t\t\t\t\n\n\t<div class=\"img has-hover x md-x lg-x y md-y lg-y\" id=\"image_1228463197\">\n\t\t\t\t\t\t<div data-animate=\"bounceIn\">\t\t<div class=\"img-inner dark\" >\n\t\t\t<img decoding=\"async\" width=\"512\" height=\"512\" data-src=\"https:\/\/laconfluente.fr\/wp-content\/uploads\/2025\/11\/rules.png\" class=\"attachment-original size-original lazyload\" alt=\"\" data-srcset=\"https:\/\/laconfluente.fr\/wp-content\/uploads\/2025\/11\/rules.png 512w, https:\/\/laconfluente.fr\/wp-content\/uploads\/2025\/11\/rules-300x300.png 300w, https:\/\/laconfluente.fr\/wp-content\/uploads\/2025\/11\/rules-150x150.png 150w, https:\/\/laconfluente.fr\/wp-content\/uploads\/2025\/11\/rules-510x510.png 510w, https:\/\/laconfluente.fr\/wp-content\/uploads\/2025\/11\/rules-100x100.png 100w\" data-sizes=\"(max-width: 512px) 100vw, 512px\" src=\"data:image\/gif;base64,R0lGODlhAQABAAAAACH5BAEKAAEALAAAAAABAAEAAAICTAEAOw==\" style=\"--smush-placeholder-width: 512px; --smush-placeholder-aspect-ratio: 512\/512;\" \/>\t\t\t\t\t\t\n\t\t\t\t\t<\/div>\n\t\t<\/div>\t\t\t\t\t\t\n<style>\n#image_1228463197 {\n  width: 22%;\n}\n<\/style>\n\t<\/div>\n\t\n\n<h2>Retrouvez nos r\u00e8glements<\/h2>\n<p>Avant de prendre le d\u00e9part, prenez un instant pour parcourir le r\u00e8glement et les consignes de la course.<\/p>\n\t<div id=\"gap-359044330\" class=\"gap-element clearfix\" style=\"display:block; height:auto;\">\n\t\t\n<style>\n#gap-359044330 {\n  padding-top: 20px;\n}\n<\/style>\n\t<\/div>\n\t\n\n<div class=\"row\"  id=\"row-1648849356\">\n\n\n\t<div id=\"col-1624697269\" class=\"col medium-6 small-12 large-6\"  >\n\t\t\t\t<div class=\"col-inner\"  >\n\t\t\t\n\t\t\t\n\n<a data-animate=\"bounceInRight\" href=\"https:\/\/laconfluente.fr\/wp-content\/uploads\/2026\/03\/Reglement_COURSE_2026_le-bon.pdf\" target=\"_blank\" class=\"button primary box-shadow-1 box-shadow-3-hover lowercase\" rel=\"noopener\"  style=\"border-radius:9px;\">\n\t\t<span>R\u00e8glement de la course<\/span>\n\t<\/a>\n\n\n\n\t\t<\/div>\n\t\t\t\t\t<\/div>\n\n\t\n\n\t<div id=\"col-1551925824\" class=\"col medium-6 small-12 large-6\"  >\n\t\t\t\t<div class=\"col-inner\"  >\n\t\t\t\n\t\t\t\n\n<a data-animate=\"bounceInRight\" href=\"https:\/\/laconfluente.fr\/wp-content\/uploads\/2026\/03\/Reglement_MARCHE_2026_V2-le-bon.pdf\" target=\"_blank\" class=\"button primary box-shadow-1 box-shadow-3-hover lowercase\" rel=\"noopener\"  style=\"border-radius:9px;\">\n\t\t<span>R\u00e8glement de la marche<\/span>\n\t<\/a>\n\n\n\n\t\t<\/div>\n\t\t\t\t\t<\/div>\n\n\t\n\n<\/div>\n\n\t\t<\/div>\n\t<\/div>\n\t\n\t\n\n\t\t<\/div>\n\t\t\t\t\n<style>\n#col-522840874 > .col-inner {\n  border-radius: 8px;\n}\n<\/style>\n\t<\/div>\n\n\t\n\n\t<div id=\"col-346325374\" class=\"col small-12 large-12\"  data-animate=\"bounceIn\">\n\t\t\t\t<div class=\"col-inner text-center\" style=\"background-color:rgb(255,255,255);\" >\n\t\t\t\n\t\t\t\n\n<h2>Une question ? Un besoin d&rsquo;assistance ?\u00a0<\/h2>\n<div class=\"row\"  id=\"row-1311880375\">\n\n\n\t<div id=\"col-758587483\" class=\"col medium-10 small-12 large-10\"  >\n\t\t\t\t<div class=\"col-inner\"  >\n\t\t\t\n\t\t\t\n\n<p>Nous sommes \u00e0 votre \u00e9coute pour toute question ou demande d\u2019information. <br \/>N\u2019h\u00e9sitez pas \u00e0 nous contacter via le formulaire ci-dessous, par t\u00e9l\u00e9phone ou par e-mail.<br \/>Nous nous ferons un plaisir de vous r\u00e9pondre dans les plus brefs d\u00e9lais<\/p>\n\n\t\t<\/div>\n\t\t\t\t\t<\/div>\n\n\t\n\n<\/div>\n<div class=\"is-divider divider clearfix\" ><\/div>\n\n<div class=\"row align-center\"  id=\"row-734361917\">\n\n\n\t<div id=\"col-10900056\" class=\"col medium-11 small-12 large-9\"  >\n\t\t\t\t<div class=\"col-inner text-left\"  >\n\t\t\t\n\t\t\t\n\n\n<div class=\"wpcf7 no-js\" id=\"wpcf7-f142-o1\" lang=\"fr-FR\" dir=\"ltr\" data-wpcf7-id=\"142\">\n<div class=\"screen-reader-response\"><p role=\"status\" aria-live=\"polite\" aria-atomic=\"true\"><\/p> <ul><\/ul><\/div>\n<form action=\"\/index.php\/wp-json\/wp\/v2\/pages\/163#wpcf7-f142-o1\" method=\"post\" class=\"wpcf7-form init\" aria-label=\"Formulaire de contact\" novalidate=\"novalidate\" data-status=\"init\">\n<fieldset class=\"hidden-fields-container\"><input type=\"hidden\" name=\"_wpcf7\" value=\"142\" \/><input type=\"hidden\" name=\"_wpcf7_version\" value=\"6.1.5\" \/><input type=\"hidden\" name=\"_wpcf7_locale\" value=\"fr_FR\" \/><input type=\"hidden\" name=\"_wpcf7_unit_tag\" value=\"wpcf7-f142-o1\" \/><input type=\"hidden\" name=\"_wpcf7_container_post\" value=\"0\" \/><input type=\"hidden\" name=\"_wpcf7_posted_data_hash\" value=\"\" \/>\n<\/fieldset>\n<p><label> Votre nom<br \/>\n<span class=\"wpcf7-form-control-wrap\" data-name=\"your-name\"><input size=\"40\" maxlength=\"400\" class=\"wpcf7-form-control wpcf7-text wpcf7-validates-as-required\" autocomplete=\"name\" aria-required=\"true\" aria-invalid=\"false\" value=\"\" type=\"text\" name=\"your-name\" \/><\/span> <\/label>\n<\/p>\n<p><label> Votre e-mail<br \/>\n<span class=\"wpcf7-form-control-wrap\" data-name=\"your-email\"><input size=\"40\" maxlength=\"400\" class=\"wpcf7-form-control wpcf7-email wpcf7-validates-as-required wpcf7-text wpcf7-validates-as-email\" autocomplete=\"email\" aria-required=\"true\" aria-invalid=\"false\" value=\"\" type=\"email\" name=\"your-email\" \/><\/span> <\/label>\n<\/p>\n<p><label> Objet<br \/>\n<span class=\"wpcf7-form-control-wrap\" data-name=\"your-subject\"><input size=\"40\" maxlength=\"400\" class=\"wpcf7-form-control wpcf7-text wpcf7-validates-as-required\" aria-required=\"true\" aria-invalid=\"false\" value=\"\" type=\"text\" name=\"your-subject\" \/><\/span> <\/label>\n<\/p>\n<p><label> Votre message (facultatif)<br \/>\n<span class=\"wpcf7-form-control-wrap\" data-name=\"your-message\"><textarea cols=\"40\" rows=\"10\" maxlength=\"2000\" class=\"wpcf7-form-control wpcf7-textarea\" aria-invalid=\"false\" name=\"your-message\"><\/textarea><\/span> <\/label>\n<\/p>\n<p><input class=\"wpcf7-form-control wpcf7-submit has-spinner\" type=\"submit\" value=\"Envoyer\" \/>\n<\/p><div class=\"wpcf7-form-control-wrap maspik-field\">\n                <label for=\"full-name-maspik-hp\" class=\"wpcf7-form-control-label\">Leave this field empty<\/label>\n                <input size=\"1\" type=\"text\" autocomplete=\"off\" aria-hidden=\"true\" tabindex=\"-1\" aria-label=\"Leave this field empty\" name=\"full-name-maspik-hp\" id=\"full-name-maspik-hp\" class=\"wpcf7-form-control wpcf7-text\" placeholder=\"Leave this field empty\">\n            <\/div><div class=\"wpcf7-response-output\" aria-hidden=\"true\"><\/div>\n<\/form>\n<\/div>\n\n\n\n\t\t<\/div>\n\t\t\t\t\t<\/div>\n\n\t\n\n<\/div>\n\n\t\t<\/div>\n\t\t\t\t\n<style>\n#col-346325374 > .col-inner {\n  border-radius: 8px;\n}\n<\/style>\n\t<\/div>\n\n\t\n\n\t<div id=\"col-1442338525\" class=\"col small-12 large-12\"  data-animate=\"bounceIn\">\n\t\t\t\t<div class=\"col-inner text-left\"  >\n\t\t\t\n\t\t\t\n\n\n\n<iframe data-src=\"https:\/\/www.google.com\/maps\/embed?pb=!1m18!1m12!1m3!1d403.84345991044887!2d-0.6088845984990092!3d47.42136142352181!2m3!1f0!2f0!3f0!3m2!1i1024!2i768!4f13.1!3m3!1m2!1s0x4807d50059d8a785%3A0x57334717b2306743!2sLes%20arbres%20majestueux!5e0!3m2!1sfr!2sfr!4v1761558339042!5m2!1sfr!2sfr\" width=\"1000\" height=\"550\" style=\"border:0;\" allowfullscreen=\"\" referrerpolicy=\"no-referrer-when-downgrade\" src=\"data:image\/gif;base64,R0lGODlhAQABAAAAACH5BAEKAAEALAAAAAABAAEAAAICTAEAOw==\" class=\"lazyload\" data-load-mode=\"1\"><\/iframe>\n\n\n\t\t<\/div>\n\t\t\t\t\n<style>\n#col-1442338525 > .col-inner {\n  border-radius: 8px;\n}\n<\/style>\n\t<\/div>\n\n\t\n\n\n<style>\n#row-904445800 > .col > .col-inner {\n  padding: 40px 40px 40px 40px;\n  background-color: rgb(255,255,255);\n}\n<\/style>\n<\/div>\n\n\t\t<\/div>\n\t\t\t\t\n<style>\n#col-1212834011 > .col-inner {\n  margin: -100px 0px 0px 0px;\n}\n<\/style>\n\t<\/div>\n\n\t\n\n<\/div>\n<div class=\"row\"  id=\"row-1880153241\">\n\n\n\t<div id=\"col-2115757977\" class=\"col small-12 large-12\"  >\n\t\t\t\t<div class=\"col-inner text-center\"  >\n\t\t\t\n\t\t\t\n\n\t<div id=\"text-685625307\" class=\"text\">\n\t\t\n\n<h4>La confluente &#8211; Esplanade de la mairie &#8211; 49080 Bouchemaine <br><span style=\"color: #ffffff;\"><a style=\"color: #ffffff;\" href=\"mailto:christine.moreau@ville-bouchemaine.fr\" data-wplink-edit=\"true\">christine.moreau@ville-bouchemaine.fr<\/a><\/span><\/h4>\n\t\t\n<style>\n#text-685625307 {\n  color: rgb(255,255,255);\n}\n#text-685625307 > * {\n  color: rgb(255,255,255);\n}\n<\/style>\n\t<\/div>\n\t\n\n\t\t<\/div>\n\t\t\t\t\t<\/div>\n\n\t\n\n<\/div>\n\n\t\t<\/div>\n\n\t\t\n<style>\n#section_999325832 {\n  padding-top: 30px;\n  padding-bottom: 30px;\n  background-color: #234784;\n}\n<\/style>\n\t<\/section>\n\t\n\n\t<section class=\"section\" id=\"section_1715025184\">\n\t\t<div class=\"section-bg fill\" >\n\t\t\t<img decoding=\"async\" width=\"1337\" height=\"240\" data-src=\"https:\/\/laconfluente.fr\/wp-content\/uploads\/2025\/11\/header_logo-2.jpg\" class=\"bg attachment-original size-original lazyload\" alt=\"\" src=\"data:image\/gif;base64,R0lGODlhAQABAAAAACH5BAEKAAEALAAAAAABAAEAAAICTAEAOw==\" style=\"--smush-placeholder-width: 1337px; --smush-placeholder-aspect-ratio: 1337\/240;\" \/>\t\t\t\t\t\t\n\t\t\t\n\n\t\t<\/div>\n\n\t\t\n\n\t\t<div class=\"section-content relative\">\n\t\t\t\n\n<div class=\"row\"  id=\"row-1487696542\">\n\n\n\t<div id=\"col-1171289094\" class=\"col small-12 large-12\"  >\n\t\t\t\t<div class=\"col-inner\"  >\n\t\t\t\n\t\t\t\n\n\n\t\t<\/div>\n\t\t\t\t\t<\/div>\n\n\t\n\n<\/div>\n\n\t\t<\/div>\n\n\t\t\n<style>\n#section_1715025184 {\n  padding-top: 60px;\n  padding-bottom: 60px;\n  min-height: 350px;\n}\n<\/style>\n\t<\/section>\n\t\n\n","protected":false},"excerpt":{"rendered":"","protected":false},"author":6,"featured_media":0,"parent":0,"menu_order":0,"comment_status":"closed","ping_status":"closed","template":"page-blank.php","meta":{"footnotes":""},"class_list":["post-163","page","type-page","status-publish","hentry"],"yoast_head":"<!-- This site is optimized with the Yoast SEO plugin v27.1.1 - https:\/\/yoast.com\/product\/yoast-seo-wordpress\/ -->\n<title>Contact - La confluente<\/title>\n<meta name=\"robots\" content=\"index, follow, max-snippet:-1, max-image-preview:large, max-video-preview:-1\" \/>\n<link rel=\"canonical\" href=\"https:\/\/laconfluente.fr\/index.php\/contact\/\" \/>\n<meta property=\"og:locale\" content=\"fr_FR\" \/>\n<meta property=\"og:type\" content=\"article\" \/>\n<meta property=\"og:title\" content=\"Contact - La confluente\" \/>\n<meta property=\"og:url\" content=\"https:\/\/laconfluente.fr\/index.php\/contact\/\" \/>\n<meta property=\"og:site_name\" content=\"La confluente\" \/>\n<meta property=\"article:publisher\" content=\"https:\/\/linktr.ee\/laconfluente\" \/>\n<meta property=\"article:modified_time\" content=\"2026-03-05T02:29:01+00:00\" \/>\n<meta property=\"og:image\" content=\"https:\/\/laconfluente.fr\/wp-content\/uploads\/2025\/11\/Logo-confluente-2.png\" \/>\n\t<meta property=\"og:image:width\" content=\"500\" \/>\n\t<meta property=\"og:image:height\" content=\"500\" \/>\n\t<meta property=\"og:image:type\" content=\"image\/png\" \/>\n<meta name=\"twitter:card\" content=\"summary_large_image\" \/>\n<meta name=\"twitter:label1\" content=\"Dur\u00e9e de lecture estim\u00e9e\" \/>\n\t<meta name=\"twitter:data1\" content=\"2 minutes\" \/>\n<script type=\"application\/ld+json\" class=\"yoast-schema-graph\">{\"@context\":\"https:\/\/schema.org\",\"@graph\":[{\"@type\":\"WebPage\",\"@id\":\"https:\/\/laconfluente.fr\/index.php\/contact\/\",\"url\":\"https:\/\/laconfluente.fr\/index.php\/contact\/\",\"name\":\"Contact - La confluente\",\"isPartOf\":{\"@id\":\"https:\/\/laconfluente.fr\/#website\"},\"datePublished\":\"2025-11-24T14:39:15+00:00\",\"dateModified\":\"2026-03-05T02:29:01+00:00\",\"breadcrumb\":{\"@id\":\"https:\/\/laconfluente.fr\/index.php\/contact\/#breadcrumb\"},\"inLanguage\":\"fr-FR\",\"potentialAction\":[{\"@type\":\"ReadAction\",\"target\":[\"https:\/\/laconfluente.fr\/index.php\/contact\/\"]}]},{\"@type\":\"BreadcrumbList\",\"@id\":\"https:\/\/laconfluente.fr\/index.php\/contact\/#breadcrumb\",\"itemListElement\":[{\"@type\":\"ListItem\",\"position\":1,\"name\":\"Accueil\",\"item\":\"https:\/\/laconfluente.fr\/\"},{\"@type\":\"ListItem\",\"position\":2,\"name\":\"Contact\"}]},{\"@type\":\"WebSite\",\"@id\":\"https:\/\/laconfluente.fr\/#website\",\"url\":\"https:\/\/laconfluente.fr\/\",\"name\":\"La confluente\",\"description\":\"Course 100% F\u00e9minine - Esplanade de la mairie de Bouchemaine\",\"publisher\":{\"@id\":\"https:\/\/laconfluente.fr\/#organization\"},\"alternateName\":\"La confluente - COURSE 100% F\u00c9MININE - ESPLANADE DE LA MAIRIE DE BOUCHEMAINE\",\"potentialAction\":[{\"@type\":\"SearchAction\",\"target\":{\"@type\":\"EntryPoint\",\"urlTemplate\":\"https:\/\/laconfluente.fr\/?s={search_term_string}\"},\"query-input\":{\"@type\":\"PropertyValueSpecification\",\"valueRequired\":true,\"valueName\":\"search_term_string\"}}],\"inLanguage\":\"fr-FR\"},{\"@type\":\"Organization\",\"@id\":\"https:\/\/laconfluente.fr\/#organization\",\"name\":\"La confluente\",\"alternateName\":\"La confluente - COURSE 100% F\u00c9MININE - ESPLANADE DE LA MAIRIE DE BOUCHEMAINE\",\"url\":\"https:\/\/laconfluente.fr\/\",\"logo\":{\"@type\":\"ImageObject\",\"inLanguage\":\"fr-FR\",\"@id\":\"https:\/\/laconfluente.fr\/#\/schema\/logo\/image\/\",\"url\":\"https:\/\/laconfluente.fr\/wp-content\/uploads\/2025\/11\/cropped-Logo-confluente.png\",\"contentUrl\":\"https:\/\/laconfluente.fr\/wp-content\/uploads\/2025\/11\/cropped-Logo-confluente.png\",\"width\":512,\"height\":512,\"caption\":\"La confluente\"},\"image\":{\"@id\":\"https:\/\/laconfluente.fr\/#\/schema\/logo\/image\/\"},\"sameAs\":[\"https:\/\/linktr.ee\/laconfluente\",\"https:\/\/www.instagram.com\/laconfluente\/\"]}]}<\/script>\n<!-- \/ Yoast SEO plugin. -->","yoast_head_json":{"title":"Contact - La confluente","robots":{"index":"index","follow":"follow","max-snippet":"max-snippet:-1","max-image-preview":"max-image-preview:large","max-video-preview":"max-video-preview:-1"},"canonical":"https:\/\/laconfluente.fr\/index.php\/contact\/","og_locale":"fr_FR","og_type":"article","og_title":"Contact - La confluente","og_url":"https:\/\/laconfluente.fr\/index.php\/contact\/","og_site_name":"La confluente","article_publisher":"https:\/\/linktr.ee\/laconfluente","article_modified_time":"2026-03-05T02:29:01+00:00","og_image":[{"width":500,"height":500,"url":"https:\/\/laconfluente.fr\/wp-content\/uploads\/2025\/11\/Logo-confluente-2.png","type":"image\/png"}],"twitter_card":"summary_large_image","twitter_misc":{"Dur\u00e9e de lecture estim\u00e9e":"2 minutes"},"schema":{"@context":"https:\/\/schema.org","@graph":[{"@type":"WebPage","@id":"https:\/\/laconfluente.fr\/index.php\/contact\/","url":"https:\/\/laconfluente.fr\/index.php\/contact\/","name":"Contact - La confluente","isPartOf":{"@id":"https:\/\/laconfluente.fr\/#website"},"datePublished":"2025-11-24T14:39:15+00:00","dateModified":"2026-03-05T02:29:01+00:00","breadcrumb":{"@id":"https:\/\/laconfluente.fr\/index.php\/contact\/#breadcrumb"},"inLanguage":"fr-FR","potentialAction":[{"@type":"ReadAction","target":["https:\/\/laconfluente.fr\/index.php\/contact\/"]}]},{"@type":"BreadcrumbList","@id":"https:\/\/laconfluente.fr\/index.php\/contact\/#breadcrumb","itemListElement":[{"@type":"ListItem","position":1,"name":"Accueil","item":"https:\/\/laconfluente.fr\/"},{"@type":"ListItem","position":2,"name":"Contact"}]},{"@type":"WebSite","@id":"https:\/\/laconfluente.fr\/#website","url":"https:\/\/laconfluente.fr\/","name":"La confluente","description":"Course 100% F\u00e9minine - Esplanade de la mairie de Bouchemaine","publisher":{"@id":"https:\/\/laconfluente.fr\/#organization"},"alternateName":"La confluente - COURSE 100% F\u00c9MININE - ESPLANADE DE LA MAIRIE DE BOUCHEMAINE","potentialAction":[{"@type":"SearchAction","target":{"@type":"EntryPoint","urlTemplate":"https:\/\/laconfluente.fr\/?s={search_term_string}"},"query-input":{"@type":"PropertyValueSpecification","valueRequired":true,"valueName":"search_term_string"}}],"inLanguage":"fr-FR"},{"@type":"Organization","@id":"https:\/\/laconfluente.fr\/#organization","name":"La confluente","alternateName":"La confluente - COURSE 100% F\u00c9MININE - ESPLANADE DE LA MAIRIE DE BOUCHEMAINE","url":"https:\/\/laconfluente.fr\/","logo":{"@type":"ImageObject","inLanguage":"fr-FR","@id":"https:\/\/laconfluente.fr\/#\/schema\/logo\/image\/","url":"https:\/\/laconfluente.fr\/wp-content\/uploads\/2025\/11\/cropped-Logo-confluente.png","contentUrl":"https:\/\/laconfluente.fr\/wp-content\/uploads\/2025\/11\/cropped-Logo-confluente.png","width":512,"height":512,"caption":"La confluente"},"image":{"@id":"https:\/\/laconfluente.fr\/#\/schema\/logo\/image\/"},"sameAs":["https:\/\/linktr.ee\/laconfluente","https:\/\/www.instagram.com\/laconfluente\/"]}]}},"_links":{"self":[{"href":"https:\/\/laconfluente.fr\/index.php\/wp-json\/wp\/v2\/pages\/163","targetHints":{"allow":["GET"]}}],"collection":[{"href":"https:\/\/laconfluente.fr\/index.php\/wp-json\/wp\/v2\/pages"}],"about":[{"href":"https:\/\/laconfluente.fr\/index.php\/wp-json\/wp\/v2\/types\/page"}],"author":[{"embeddable":true,"href":"https:\/\/laconfluente.fr\/index.php\/wp-json\/wp\/v2\/users\/6"}],"replies":[{"embeddable":true,"href":"https:\/\/laconfluente.fr\/index.php\/wp-json\/wp\/v2\/comments?post=163"}],"version-history":[{"count":8,"href":"https:\/\/laconfluente.fr\/index.php\/wp-json\/wp\/v2\/pages\/163\/revisions"}],"predecessor-version":[{"id":507,"href":"https:\/\/laconfluente.fr\/index.php\/wp-json\/wp\/v2\/pages\/163\/revisions\/507"}],"wp:attachment":[{"href":"https:\/\/laconfluente.fr\/index.php\/wp-json\/wp\/v2\/media?parent=163"}],"curies":[{"name":"wp","href":"https:\/\/api.w.org\/{rel}","templated":true}]}}